{"id":4108,"date":"2025-02-04T12:52:17","date_gmt":"2025-02-04T11:52:17","guid":{"rendered":"https:\/\/www.rebersrl.it\/?page_id=4108"},"modified":"2025-07-31T17:33:52","modified_gmt":"2025-07-31T15:33:52","slug":"privacy-policy","status":"publish","type":"page","link":"https:\/\/www.rebersrl.it\/fr\/privacy-policy\/","title":{"rendered":"Politique de Confidentialit\u00e9"},"content":{"rendered":"\r\n<p>La pr\u00e9sente <strong>Politique de Confidentialit\u00e9<\/strong> a pour objectif d\u2019informer les utilisateurs (\u00ab <strong>Utilisateurs<\/strong> \u00bb) de ce site (\u00ab <strong>Site<\/strong> \u00bb) sur la collecte et le traitement de leurs donn\u00e9es personnelles (\u00ab <strong>Donn\u00e9es personnelles<\/strong> \u00bb), notamment sur les types de Donn\u00e9es personnelles trait\u00e9es, le responsable du traitement, les finalit\u00e9s de traitement et les principales garanties mises en place pour prot\u00e9ger les droits des Utilisateurs.<\/p>\r\n<p>Cette Politique de Confidentialit\u00e9 est r\u00e9dig\u00e9e conform\u00e9ment au R\u00e8glement europ\u00e9en \u00ab RGPD \u00bb (n\u00b0 2016\/679), au Code italien de protection des donn\u00e9es personnelles (D\u00e9cret l\u00e9gislatif n\u00b0 196\/2003, lorsqu\u2019applicable), ainsi qu\u2019\u00e0 toute autre r\u00e9glementation applicable.<br \/><br \/>Les Utilisateurs doivent lire attentivement cette <strong>Politique de Confidentialit\u00e9<\/strong> ; s\u2019ils n\u2019en acceptent pas le contenu, ils sont invit\u00e9s \u00e0 cesser imm\u00e9diatement leur navigation sur le Site.<br \/><br \/>Comme pr\u00e9cis\u00e9 ci-dessous, le traitement, la communication et la diffusion des Donn\u00e9es personnelles sont permis lorsqu\u2019exig\u00e9s par la loi ou autoris\u00e9s par la r\u00e9glementation applicable.<\/p>\r\n<h2 class=\"wp-block-heading\">Donn\u00e9es personnelles<\/h2>\r\n<p>La navigation sur le Site implique la collecte et le traitement de certaines cat\u00e9gories de Donn\u00e9es personnelles des Utilisateurs et\/ou d\u2019autres personnes concern\u00e9es.<br \/><br \/>En particulier, le Site collecte et traite des informations li\u00e9es \u00e0 l\u2019appareil de l\u2019Utilisateur, telles que l\u2019adresse IP utilis\u00e9e pour la connexion, des informations relatives au navigateur, au syst\u00e8me d\u2019exploitation et au type d\u2019appareil, les pages consult\u00e9es et les recherches effectu\u00e9es sur le Site, ainsi que d\u2019autres informations connexes.<br \/><br \/>Ces donn\u00e9es sont strictement n\u00e9cessaires pour permettre la navigation ou la rendre plus fonctionnelle.<br \/><br \/>De plus, le Site demande express\u00e9ment \u00e0 l\u2019Utilisateur de fournir des Donn\u00e9es personnelles lorsqu\u2019il s\u2019enregistre ou passe une commande. Ces donn\u00e9es sont n\u00e9cessaires ou utiles pour fournir des services \u00e0 l\u2019Utilisateur.<br \/><br \/>Dans d\u2019autres cas, le Site peut demander des Donn\u00e9es personnelles afin d\u2019envoyer des communications telles que des newsletters, des participations \u00e0 des concours ou des offres promotionnelles, qu\u2019elles proviennent du Site lui-m\u00eame ou de tiers.<br \/><br \/>Il est pr\u00e9cis\u00e9 \u00e0 chaque fois si la fourniture de Donn\u00e9es personnelles est obligatoire ou facultative.<br \/><br \/>Le Site peut \u00e9galement effectuer des v\u00e9rifications \u2014directes ou indirectes\u2014 sur les moyens de paiement afin de pr\u00e9venir les impay\u00e9s, les activit\u00e9s frauduleuses ou en conformit\u00e9 avec la r\u00e9glementation applicable en mati\u00e8re de lutte contre le blanchiment d\u2019argent.<br \/><br \/>Le refus de consentir au traitement de Donn\u00e9es personnelles pour des finalit\u00e9s \u00e9trang\u00e8res au fonctionnement du Site et\/ou \u00e0 l\u2019ex\u00e9cution des commandes n\u2019entra\u00eenera pas de cons\u00e9quences significatives.<br \/><br \/>Les Donn\u00e9es personnelles sont conserv\u00e9es et trait\u00e9es de mani\u00e8re proportionn\u00e9e et appropri\u00e9e, strictement li\u00e9es aux finalit\u00e9s pour lesquelles elles ont \u00e9t\u00e9 collect\u00e9es et ensuite trait\u00e9es.<\/p>\r\n<h2>Responsable du traitement<\/h2>\r\n<p>Le responsable du traitement des Donn\u00e9es personnelles (\u00ab <strong>Responsable<\/strong> \u00bb) est :<br \/><br \/>Reber S.r.l.<br \/>Via Valbrina, 11<br \/>42045 Luzzara (Reggio Emilia), Italie<br \/>N\u00b0 TVA : 00131370355 \u2013 REA : 90732<br \/><br \/>Courriel pour toute communication relative \u00e0 la Politique de Confidentialit\u00e9 : <a href=\"mailto:info@rebersrl.it\">info@rebersrl.it<\/a>.<\/p>\r\n<p>Le traitement des Donn\u00e9es personnelles a lieu au sein de l\u2019organisation du Responsable et\/ou du groupe d\u2019entreprises auquel il appartient. Par cons\u00e9quent, les Donn\u00e9es personnelles collect\u00e9es sont trait\u00e9es par le personnel autoris\u00e9, sous l\u2019autorit\u00e9 directe du Responsable ou au sein du groupe d\u2019entreprises.<\/p>\r\n<h2>Communication des Donn\u00e9es personnelles<\/h2>\r\n<p>Le Responsable peut transmettre certaines Donn\u00e9es personnelles \u00e0 des tiers impliqu\u00e9s dans l\u2019ex\u00e9cution des commandes, tant pendant qu\u2019apr\u00e8s la vente.<br \/><br \/>Les informations peuvent \u00e9galement \u00eatre communiqu\u00e9es \u00e0 des soci\u00e9t\u00e9s li\u00e9es ou contr\u00f4l\u00e9es par le Responsable ou \u00e0 des tiers dans le cadre d\u2019op\u00e9rations extraordinaires, dans le respect de la l\u00e9gislation applicable.<br \/><br \/>La communication ou la diffusion des Donn\u00e9es personnelles est \u00e9galement possible lorsqu\u2019elle est exig\u00e9e par la loi aux forces de l\u2019ordre, aux autorit\u00e9s judiciaires, aux services de s\u00e9curit\u00e9 ou \u00e0 d\u2019autres entit\u00e9s publiques \u00e0 des fins de d\u00e9fense ou de s\u00e9curit\u00e9 de l\u2019\u00c9tat ou pour la pr\u00e9vention, la d\u00e9tection ou la r\u00e9pression d\u2019infractions administratives ou p\u00e9nales.<br \/><br \/>Dans tous les autres cas, la communication ou la diffusion des Donn\u00e9es personnelles est soumise au consentement pr\u00e9alable, explicite et univoque de la personne concern\u00e9e.<\/p>\r\n<h2>Droits des personnes concern\u00e9es<\/h2>\r\n<p>Chaque Utilisateur (ou toute autre personne concern\u00e9e) a le droit d\u2019obtenir la confirmation de l\u2019existence ou non de Donn\u00e9es personnelles le concernant, m\u00eame si elles ne sont pas encore enregistr\u00e9es.<br \/>L\u2019Utilisateur (ou la personne concern\u00e9e) a le droit d\u2019obtenir :<\/p>\r\n<p>&#8211; La mise \u00e0 jour, la rectification ou, si n\u00e9cessaire, l\u2019int\u00e9gration des Donn\u00e9es personnelles ;<\/p>\r\n<p>&#8211; L\u2019effacement, l\u2019anonymisation ou le blocage des Donn\u00e9es personnelles trait\u00e9es ill\u00e9galement, y compris celles qui ne sont pas n\u00e9cessaires au regard des finalit\u00e9s pour lesquelles elles ont \u00e9t\u00e9 collect\u00e9es et trait\u00e9es ult\u00e9rieurement ;<\/p>\r\n<p>&#8211; La certification que les op\u00e9rations susmentionn\u00e9es ont \u00e9t\u00e9 port\u00e9es \u00e0 la connaissance de ceux \u00e0 qui les donn\u00e9es ont \u00e9t\u00e9 communiqu\u00e9es ou diffus\u00e9es, sauf impossibilit\u00e9 ou moyens disproportionn\u00e9s ;<\/p>\r\n<p>&#8211; La suspension du traitement des Donn\u00e9es personnelles, dans les cas pr\u00e9vus par la loi ;<\/p>\r\n<p>&#8211; La portabilit\u00e9 des Donn\u00e9es personnelles, c\u2019est-\u00e0-dire le droit de recevoir dans un format structur\u00e9, couramment utilis\u00e9 et lisible par machine, les Donn\u00e9es personnelles fournies au Responsable et de transmettre ces Donn\u00e9es \u00e0 un autre responsable, dans les limites de la loi.<\/p>\r\n<p>L\u2019Utilisateur (ou la personne concern\u00e9e) a le droit de s\u2019opposer, en tout ou en partie, au traitement des Donn\u00e9es personnelles, pour des raisons l\u00e9gitimes, que le traitement soit li\u00e9 ou non \u00e0 la finalit\u00e9 de la collecte ou pour des fins de publicit\u00e9 ou de marketing.<br \/><br \/>L\u2019Utilisateur a \u00e9galement le droit d\u2019introduire une r\u00e9clamation concernant la collecte et le traitement des Donn\u00e9es personnelles aupr\u00e8s de l\u2019Autorit\u00e9 de protection des donn\u00e9es ou de toute autre autorit\u00e9 de contr\u00f4le comp\u00e9tente.<br \/><br \/>Pour toute communication relative \u00e0 la collecte ou au traitement des Donn\u00e9es personnelles et pour exercer ses droits, l\u2019Utilisateur peut contacter le d\u00e9l\u00e9gu\u00e9 \u00e0 la protection des donn\u00e9es \u00e0 l\u2019adresse : <a href=\"mailto:info@rebersrl.it\">info@rebersrl.it<\/a>.<br \/><br \/>La pr\u00e9sente Politique de Confidentialit\u00e9 est sujette \u00e0 des mises \u00e0 jour p\u00e9riodiques. Les Utilisateurs sont invit\u00e9s \u00e0 la consulter r\u00e9guli\u00e8rement pour v\u00e9rifier les \u00e9ventuelles modifications.<\/p>","protected":false},"excerpt":{"rendered":"<p>La pr\u00e9sente Politique de Confidentialit\u00e9 a pour objectif d\u2019informer les utilisateurs (\u00ab Utilisateurs \u00bb) de ce site (\u00ab Site \u00bb) sur la collecte et le traitement de leurs donn\u00e9es personnelles (\u00ab Donn\u00e9es personnelles \u00bb), notamment sur les types de Donn\u00e9es personnelles trait\u00e9es, le responsable du traitement, les finalit\u00e9s de traitement et les principales garanties mises [&hellip;]<\/p>\n","protected":false},"author":1,"featured_media":0,"parent":0,"menu_order":0,"comment_status":"closed","ping_status":"closed","template":"","meta":{"_acf_changed":false,"footnotes":""},"class_list":["post-4108","page","type-page","status-publish","hentry"],"acf":[],"yoast_head":"<!-- This site is optimized with the Yoast SEO plugin v27.4 - https:\/\/yoast.com\/product\/yoast-seo-wordpress\/ -->\n<title>Politique de Confidentialit\u00e9 - Reber Srl<\/title>\n<meta name=\"robots\" content=\"index, follow, max-snippet:-1, max-image-preview:large, max-video-preview:-1\" \/>\n<link rel=\"canonical\" href=\"https:\/\/www.rebersrl.it\/fr\/privacy-policy\/\" \/>\n<meta property=\"og:locale\" content=\"fr_FR\" \/>\n<meta property=\"og:type\" content=\"article\" \/>\n<meta property=\"og:title\" content=\"Politique de Confidentialit\u00e9 - Reber Srl\" \/>\n<meta property=\"og:description\" content=\"La pr\u00e9sente Politique de Confidentialit\u00e9 a pour objectif d\u2019informer les utilisateurs (\u00ab Utilisateurs \u00bb) de ce site (\u00ab Site \u00bb) sur la collecte et le traitement de leurs donn\u00e9es personnelles (\u00ab Donn\u00e9es personnelles \u00bb), notamment sur les types de Donn\u00e9es personnelles trait\u00e9es, le responsable du traitement, les finalit\u00e9s de traitement et les principales garanties mises [&hellip;]\" \/>\n<meta property=\"og:url\" content=\"https:\/\/www.rebersrl.it\/fr\/privacy-policy\/\" \/>\n<meta property=\"og:site_name\" content=\"Reber Srl\" \/>\n<meta property=\"article:modified_time\" content=\"2025-07-31T15:33:52+00:00\" \/>\n<meta property=\"og:image\" content=\"https:\/\/www.rebersrl.it\/wp-content\/uploads\/2025\/07\/Immagine-PNG-2.png\" \/>\n\t<meta property=\"og:image:width\" content=\"1536\" \/>\n\t<meta property=\"og:image:height\" content=\"1024\" \/>\n\t<meta property=\"og:image:type\" content=\"image\/png\" \/>\n<meta name=\"twitter:card\" content=\"summary_large_image\" \/>\n<meta name=\"twitter:label1\" content=\"Dur\u00e9e de lecture estim\u00e9e\" \/>\n\t<meta name=\"twitter:data1\" content=\"5 minutes\" \/>\n<script type=\"application\/ld+json\" class=\"yoast-schema-graph\">{\"@context\":\"https:\\\/\\\/schema.org\",\"@graph\":[{\"@type\":\"WebPage\",\"@id\":\"https:\\\/\\\/www.rebersrl.it\\\/fr\\\/privacy-policy\\\/\",\"url\":\"https:\\\/\\\/www.rebersrl.it\\\/fr\\\/privacy-policy\\\/\",\"name\":\"Politique de Confidentialit\u00e9 - Reber Srl\",\"isPartOf\":{\"@id\":\"https:\\\/\\\/www.rebersrl.it\\\/fr\\\/#website\"},\"datePublished\":\"2025-02-04T11:52:17+00:00\",\"dateModified\":\"2025-07-31T15:33:52+00:00\",\"breadcrumb\":{\"@id\":\"https:\\\/\\\/www.rebersrl.it\\\/fr\\\/privacy-policy\\\/#breadcrumb\"},\"inLanguage\":\"fr-FR\",\"potentialAction\":[{\"@type\":\"ReadAction\",\"target\":[\"https:\\\/\\\/www.rebersrl.it\\\/fr\\\/privacy-policy\\\/\"]}]},{\"@type\":\"BreadcrumbList\",\"@id\":\"https:\\\/\\\/www.rebersrl.it\\\/fr\\\/privacy-policy\\\/#breadcrumb\",\"itemListElement\":[{\"@type\":\"ListItem\",\"position\":1,\"name\":\"Home\",\"item\":\"https:\\\/\\\/www.rebersrl.it\\\/fr\\\/\"},{\"@type\":\"ListItem\",\"position\":2,\"name\":\"Politique de Confidentialit\u00e9\"}]},{\"@type\":\"WebSite\",\"@id\":\"https:\\\/\\\/www.rebersrl.it\\\/fr\\\/#website\",\"url\":\"https:\\\/\\\/www.rebersrl.it\\\/fr\\\/\",\"name\":\"Reber Srl\",\"description\":\"Elettrodomestici casalinghi dal 1964\",\"publisher\":{\"@id\":\"https:\\\/\\\/www.rebersrl.it\\\/fr\\\/#organization\"},\"potentialAction\":[{\"@type\":\"SearchAction\",\"target\":{\"@type\":\"EntryPoint\",\"urlTemplate\":\"https:\\\/\\\/www.rebersrl.it\\\/fr\\\/?s={search_term_string}\"},\"query-input\":{\"@type\":\"PropertyValueSpecification\",\"valueRequired\":true,\"valueName\":\"search_term_string\"}}],\"inLanguage\":\"fr-FR\"},{\"@type\":\"Organization\",\"@id\":\"https:\\\/\\\/www.rebersrl.it\\\/fr\\\/#organization\",\"name\":\"Reber srl\",\"url\":\"https:\\\/\\\/www.rebersrl.it\\\/fr\\\/\",\"logo\":{\"@type\":\"ImageObject\",\"inLanguage\":\"fr-FR\",\"@id\":\"https:\\\/\\\/www.rebersrl.it\\\/fr\\\/#\\\/schema\\\/logo\\\/image\\\/\",\"url\":\"https:\\\/\\\/www.rebersrl.it\\\/wp-content\\\/uploads\\\/2025\\\/10\\\/logo_reber_2025.png\",\"contentUrl\":\"https:\\\/\\\/www.rebersrl.it\\\/wp-content\\\/uploads\\\/2025\\\/10\\\/logo_reber_2025.png\",\"width\":600,\"height\":365,\"caption\":\"Reber srl\"},\"image\":{\"@id\":\"https:\\\/\\\/www.rebersrl.it\\\/fr\\\/#\\\/schema\\\/logo\\\/image\\\/\"}}]}<\/script>\n<!-- \/ Yoast SEO plugin. -->","yoast_head_json":{"title":"Politique de Confidentialit\u00e9 - Reber Srl","robots":{"index":"index","follow":"follow","max-snippet":"max-snippet:-1","max-image-preview":"max-image-preview:large","max-video-preview":"max-video-preview:-1"},"canonical":"https:\/\/www.rebersrl.it\/fr\/privacy-policy\/","og_locale":"fr_FR","og_type":"article","og_title":"Politique de Confidentialit\u00e9 - Reber Srl","og_description":"La pr\u00e9sente Politique de Confidentialit\u00e9 a pour objectif d\u2019informer les utilisateurs (\u00ab Utilisateurs \u00bb) de ce site (\u00ab Site \u00bb) sur la collecte et le traitement de leurs donn\u00e9es personnelles (\u00ab Donn\u00e9es personnelles \u00bb), notamment sur les types de Donn\u00e9es personnelles trait\u00e9es, le responsable du traitement, les finalit\u00e9s de traitement et les principales garanties mises [&hellip;]","og_url":"https:\/\/www.rebersrl.it\/fr\/privacy-policy\/","og_site_name":"Reber Srl","article_modified_time":"2025-07-31T15:33:52+00:00","og_image":[{"width":1536,"height":1024,"type":"image\/png","url":"https:\/\/www.rebersrl.it\/wp-content\/uploads\/2025\/07\/Immagine-PNG-2.png"}],"twitter_card":"summary_large_image","twitter_misc":{"Dur\u00e9e de lecture estim\u00e9e":"5 minutes"},"schema":{"@context":"https:\/\/schema.org","@graph":[{"@type":"WebPage","@id":"https:\/\/www.rebersrl.it\/fr\/privacy-policy\/","url":"https:\/\/www.rebersrl.it\/fr\/privacy-policy\/","name":"Politique de Confidentialit\u00e9 - Reber Srl","isPartOf":{"@id":"https:\/\/www.rebersrl.it\/fr\/#website"},"datePublished":"2025-02-04T11:52:17+00:00","dateModified":"2025-07-31T15:33:52+00:00","breadcrumb":{"@id":"https:\/\/www.rebersrl.it\/fr\/privacy-policy\/#breadcrumb"},"inLanguage":"fr-FR","potentialAction":[{"@type":"ReadAction","target":["https:\/\/www.rebersrl.it\/fr\/privacy-policy\/"]}]},{"@type":"BreadcrumbList","@id":"https:\/\/www.rebersrl.it\/fr\/privacy-policy\/#breadcrumb","itemListElement":[{"@type":"ListItem","position":1,"name":"Home","item":"https:\/\/www.rebersrl.it\/fr\/"},{"@type":"ListItem","position":2,"name":"Politique de Confidentialit\u00e9"}]},{"@type":"WebSite","@id":"https:\/\/www.rebersrl.it\/fr\/#website","url":"https:\/\/www.rebersrl.it\/fr\/","name":"Reber Srl","description":"Elettrodomestici casalinghi dal 1964","publisher":{"@id":"https:\/\/www.rebersrl.it\/fr\/#organization"},"potentialAction":[{"@type":"SearchAction","target":{"@type":"EntryPoint","urlTemplate":"https:\/\/www.rebersrl.it\/fr\/?s={search_term_string}"},"query-input":{"@type":"PropertyValueSpecification","valueRequired":true,"valueName":"search_term_string"}}],"inLanguage":"fr-FR"},{"@type":"Organization","@id":"https:\/\/www.rebersrl.it\/fr\/#organization","name":"Reber srl","url":"https:\/\/www.rebersrl.it\/fr\/","logo":{"@type":"ImageObject","inLanguage":"fr-FR","@id":"https:\/\/www.rebersrl.it\/fr\/#\/schema\/logo\/image\/","url":"https:\/\/www.rebersrl.it\/wp-content\/uploads\/2025\/10\/logo_reber_2025.png","contentUrl":"https:\/\/www.rebersrl.it\/wp-content\/uploads\/2025\/10\/logo_reber_2025.png","width":600,"height":365,"caption":"Reber srl"},"image":{"@id":"https:\/\/www.rebersrl.it\/fr\/#\/schema\/logo\/image\/"}}]}},"_links":{"self":[{"href":"https:\/\/www.rebersrl.it\/fr\/wp-json\/wp\/v2\/pages\/4108","targetHints":{"allow":["GET"]}}],"collection":[{"href":"https:\/\/www.rebersrl.it\/fr\/wp-json\/wp\/v2\/pages"}],"about":[{"href":"https:\/\/www.rebersrl.it\/fr\/wp-json\/wp\/v2\/types\/page"}],"author":[{"embeddable":true,"href":"https:\/\/www.rebersrl.it\/fr\/wp-json\/wp\/v2\/users\/1"}],"replies":[{"embeddable":true,"href":"https:\/\/www.rebersrl.it\/fr\/wp-json\/wp\/v2\/comments?post=4108"}],"version-history":[{"count":5,"href":"https:\/\/www.rebersrl.it\/fr\/wp-json\/wp\/v2\/pages\/4108\/revisions"}],"predecessor-version":[{"id":8662,"href":"https:\/\/www.rebersrl.it\/fr\/wp-json\/wp\/v2\/pages\/4108\/revisions\/8662"}],"wp:attachment":[{"href":"https:\/\/www.rebersrl.it\/fr\/wp-json\/wp\/v2\/media?parent=4108"}],"curies":[{"name":"wp","href":"https:\/\/api.w.org\/{rel}","templated":true}]}}