{"id":4087,"date":"2025-04-03T14:35:05","date_gmt":"2025-04-03T12:35:05","guid":{"rendered":"https:\/\/www.rebersrl.it\/catalogo\/"},"modified":"2025-07-02T10:39:41","modified_gmt":"2025-07-02T08:39:41","slug":"catalogue","status":"publish","type":"page","link":"https:\/\/www.rebersrl.it\/fr\/catalogue\/","title":{"rendered":"Catalogue"},"content":{"rendered":"<p>Presse-tomates, hachoirs \u00e0 viande, poussoirs \u00e0 saucisse, r\u00e2pes, machines \u00e0 p\u00e2tes, syst\u00e8mes de cuisson et fumage, emballage et conservation sous vide, ustensiles pour la cuisine et la table : une gamme compl\u00e8te qui accompagne chaque \u00e9tape, de la transformation \u00e0 la d\u00e9gustation.<\/p>\n<p>Produits solides, faciles \u00e0 utiliser, con\u00e7us pour durer : la r\u00e9ponse parfaite pour les professionnels et les passionn\u00e9s qui n&rsquo;acceptent aucun compromis sur la qualit\u00e9.<\/p>\n","protected":false},"excerpt":{"rendered":"<p>Presse-tomates, hachoirs \u00e0 viande, poussoirs \u00e0 saucisse, r\u00e2pes, machines \u00e0 p\u00e2tes, syst\u00e8mes de cuisson et fumage, emballage et conservation sous vide, ustensiles pour la cuisine et la table : une gamme compl\u00e8te qui accompagne chaque \u00e9tape, de la transformation \u00e0 la d\u00e9gustation. Produits solides, faciles \u00e0 utiliser, con\u00e7us pour durer : la r\u00e9ponse parfaite pour [&hellip;]<\/p>\n","protected":false},"author":1,"featured_media":3630,"parent":0,"menu_order":0,"comment_status":"closed","ping_status":"closed","template":"catalog.php","meta":{"_acf_changed":false,"footnotes":""},"class_list":["post-4087","page","type-page","status-publish","has-post-thumbnail","hentry"],"acf":[],"yoast_head":"<!-- This site is optimized with the Yoast SEO plugin v27.4 - https:\/\/yoast.com\/product\/yoast-seo-wordpress\/ -->\n<title>Catalogue - Reber Srl<\/title>\n<meta name=\"robots\" content=\"index, follow, max-snippet:-1, max-image-preview:large, max-video-preview:-1\" \/>\n<link rel=\"canonical\" href=\"https:\/\/www.rebersrl.it\/fr\/catalogue\/\" \/>\n<meta property=\"og:locale\" content=\"fr_FR\" \/>\n<meta property=\"og:type\" content=\"article\" \/>\n<meta property=\"og:title\" content=\"Catalogue - Reber Srl\" \/>\n<meta property=\"og:description\" content=\"Presse-tomates, hachoirs \u00e0 viande, poussoirs \u00e0 saucisse, r\u00e2pes, machines \u00e0 p\u00e2tes, syst\u00e8mes de cuisson et fumage, emballage et conservation sous vide, ustensiles pour la cuisine et la table : une gamme compl\u00e8te qui accompagne chaque \u00e9tape, de la transformation \u00e0 la d\u00e9gustation. Produits solides, faciles \u00e0 utiliser, con\u00e7us pour durer : la r\u00e9ponse parfaite pour [&hellip;]\" \/>\n<meta property=\"og:url\" content=\"https:\/\/www.rebersrl.it\/fr\/catalogue\/\" \/>\n<meta property=\"og:site_name\" content=\"Reber Srl\" \/>\n<meta property=\"article:modified_time\" content=\"2025-07-02T08:39:41+00:00\" \/>\n<meta property=\"og:image\" content=\"https:\/\/www.rebersrl.it\/wp-content\/uploads\/2025\/03\/todd-quackenbush-x5SRhkFajrA-unsplash-scaled.jpg\" \/>\n\t<meta property=\"og:image:width\" content=\"2560\" \/>\n\t<meta property=\"og:image:height\" content=\"1693\" \/>\n\t<meta property=\"og:image:type\" content=\"image\/jpeg\" \/>\n<meta name=\"twitter:card\" content=\"summary_large_image\" \/>\n<meta name=\"twitter:label1\" content=\"Dur\u00e9e de lecture estim\u00e9e\" \/>\n\t<meta name=\"twitter:data1\" content=\"1 minute\" \/>\n<script type=\"application\/ld+json\" class=\"yoast-schema-graph\">{\"@context\":\"https:\\\/\\\/schema.org\",\"@graph\":[{\"@type\":\"WebPage\",\"@id\":\"https:\\\/\\\/www.rebersrl.it\\\/fr\\\/catalogue\\\/\",\"url\":\"https:\\\/\\\/www.rebersrl.it\\\/fr\\\/catalogue\\\/\",\"name\":\"Catalogue - Reber Srl\",\"isPartOf\":{\"@id\":\"https:\\\/\\\/www.rebersrl.it\\\/fr\\\/#website\"},\"primaryImageOfPage\":{\"@id\":\"https:\\\/\\\/www.rebersrl.it\\\/fr\\\/catalogue\\\/#primaryimage\"},\"image\":{\"@id\":\"https:\\\/\\\/www.rebersrl.it\\\/fr\\\/catalogue\\\/#primaryimage\"},\"thumbnailUrl\":\"https:\\\/\\\/www.rebersrl.it\\\/wp-content\\\/uploads\\\/2025\\\/03\\\/todd-quackenbush-x5SRhkFajrA-unsplash-scaled.jpg\",\"datePublished\":\"2025-04-03T12:35:05+00:00\",\"dateModified\":\"2025-07-02T08:39:41+00:00\",\"breadcrumb\":{\"@id\":\"https:\\\/\\\/www.rebersrl.it\\\/fr\\\/catalogue\\\/#breadcrumb\"},\"inLanguage\":\"fr-FR\",\"potentialAction\":[{\"@type\":\"ReadAction\",\"target\":[\"https:\\\/\\\/www.rebersrl.it\\\/fr\\\/catalogue\\\/\"]}]},{\"@type\":\"ImageObject\",\"inLanguage\":\"fr-FR\",\"@id\":\"https:\\\/\\\/www.rebersrl.it\\\/fr\\\/catalogue\\\/#primaryimage\",\"url\":\"https:\\\/\\\/www.rebersrl.it\\\/wp-content\\\/uploads\\\/2025\\\/03\\\/todd-quackenbush-x5SRhkFajrA-unsplash-scaled.jpg\",\"contentUrl\":\"https:\\\/\\\/www.rebersrl.it\\\/wp-content\\\/uploads\\\/2025\\\/03\\\/todd-quackenbush-x5SRhkFajrA-unsplash-scaled.jpg\",\"width\":2560,\"height\":1693},{\"@type\":\"BreadcrumbList\",\"@id\":\"https:\\\/\\\/www.rebersrl.it\\\/fr\\\/catalogue\\\/#breadcrumb\",\"itemListElement\":[{\"@type\":\"ListItem\",\"position\":1,\"name\":\"Home\",\"item\":\"https:\\\/\\\/www.rebersrl.it\\\/fr\\\/\"},{\"@type\":\"ListItem\",\"position\":2,\"name\":\"Catalogue\"}]},{\"@type\":\"WebSite\",\"@id\":\"https:\\\/\\\/www.rebersrl.it\\\/fr\\\/#website\",\"url\":\"https:\\\/\\\/www.rebersrl.it\\\/fr\\\/\",\"name\":\"Reber Srl\",\"description\":\"Elettrodomestici casalinghi dal 1964\",\"publisher\":{\"@id\":\"https:\\\/\\\/www.rebersrl.it\\\/fr\\\/#organization\"},\"potentialAction\":[{\"@type\":\"SearchAction\",\"target\":{\"@type\":\"EntryPoint\",\"urlTemplate\":\"https:\\\/\\\/www.rebersrl.it\\\/fr\\\/?s={search_term_string}\"},\"query-input\":{\"@type\":\"PropertyValueSpecification\",\"valueRequired\":true,\"valueName\":\"search_term_string\"}}],\"inLanguage\":\"fr-FR\"},{\"@type\":\"Organization\",\"@id\":\"https:\\\/\\\/www.rebersrl.it\\\/fr\\\/#organization\",\"name\":\"Reber srl\",\"url\":\"https:\\\/\\\/www.rebersrl.it\\\/fr\\\/\",\"logo\":{\"@type\":\"ImageObject\",\"inLanguage\":\"fr-FR\",\"@id\":\"https:\\\/\\\/www.rebersrl.it\\\/fr\\\/#\\\/schema\\\/logo\\\/image\\\/\",\"url\":\"https:\\\/\\\/www.rebersrl.it\\\/wp-content\\\/uploads\\\/2025\\\/10\\\/logo_reber_2025.png\",\"contentUrl\":\"https:\\\/\\\/www.rebersrl.it\\\/wp-content\\\/uploads\\\/2025\\\/10\\\/logo_reber_2025.png\",\"width\":600,\"height\":365,\"caption\":\"Reber srl\"},\"image\":{\"@id\":\"https:\\\/\\\/www.rebersrl.it\\\/fr\\\/#\\\/schema\\\/logo\\\/image\\\/\"}}]}<\/script>\n<!-- \/ Yoast SEO plugin. -->","yoast_head_json":{"title":"Catalogue - Reber Srl","robots":{"index":"index","follow":"follow","max-snippet":"max-snippet:-1","max-image-preview":"max-image-preview:large","max-video-preview":"max-video-preview:-1"},"canonical":"https:\/\/www.rebersrl.it\/fr\/catalogue\/","og_locale":"fr_FR","og_type":"article","og_title":"Catalogue - Reber Srl","og_description":"Presse-tomates, hachoirs \u00e0 viande, poussoirs \u00e0 saucisse, r\u00e2pes, machines \u00e0 p\u00e2tes, syst\u00e8mes de cuisson et fumage, emballage et conservation sous vide, ustensiles pour la cuisine et la table : une gamme compl\u00e8te qui accompagne chaque \u00e9tape, de la transformation \u00e0 la d\u00e9gustation. Produits solides, faciles \u00e0 utiliser, con\u00e7us pour durer : la r\u00e9ponse parfaite pour [&hellip;]","og_url":"https:\/\/www.rebersrl.it\/fr\/catalogue\/","og_site_name":"Reber Srl","article_modified_time":"2025-07-02T08:39:41+00:00","og_image":[{"width":2560,"height":1693,"type":"image\/jpeg","url":"https:\/\/www.rebersrl.it\/wp-content\/uploads\/2025\/03\/todd-quackenbush-x5SRhkFajrA-unsplash-scaled.jpg"}],"twitter_card":"summary_large_image","twitter_misc":{"Dur\u00e9e de lecture estim\u00e9e":"1 minute"},"schema":{"@context":"https:\/\/schema.org","@graph":[{"@type":"WebPage","@id":"https:\/\/www.rebersrl.it\/fr\/catalogue\/","url":"https:\/\/www.rebersrl.it\/fr\/catalogue\/","name":"Catalogue - Reber Srl","isPartOf":{"@id":"https:\/\/www.rebersrl.it\/fr\/#website"},"primaryImageOfPage":{"@id":"https:\/\/www.rebersrl.it\/fr\/catalogue\/#primaryimage"},"image":{"@id":"https:\/\/www.rebersrl.it\/fr\/catalogue\/#primaryimage"},"thumbnailUrl":"https:\/\/www.rebersrl.it\/wp-content\/uploads\/2025\/03\/todd-quackenbush-x5SRhkFajrA-unsplash-scaled.jpg","datePublished":"2025-04-03T12:35:05+00:00","dateModified":"2025-07-02T08:39:41+00:00","breadcrumb":{"@id":"https:\/\/www.rebersrl.it\/fr\/catalogue\/#breadcrumb"},"inLanguage":"fr-FR","potentialAction":[{"@type":"ReadAction","target":["https:\/\/www.rebersrl.it\/fr\/catalogue\/"]}]},{"@type":"ImageObject","inLanguage":"fr-FR","@id":"https:\/\/www.rebersrl.it\/fr\/catalogue\/#primaryimage","url":"https:\/\/www.rebersrl.it\/wp-content\/uploads\/2025\/03\/todd-quackenbush-x5SRhkFajrA-unsplash-scaled.jpg","contentUrl":"https:\/\/www.rebersrl.it\/wp-content\/uploads\/2025\/03\/todd-quackenbush-x5SRhkFajrA-unsplash-scaled.jpg","width":2560,"height":1693},{"@type":"BreadcrumbList","@id":"https:\/\/www.rebersrl.it\/fr\/catalogue\/#breadcrumb","itemListElement":[{"@type":"ListItem","position":1,"name":"Home","item":"https:\/\/www.rebersrl.it\/fr\/"},{"@type":"ListItem","position":2,"name":"Catalogue"}]},{"@type":"WebSite","@id":"https:\/\/www.rebersrl.it\/fr\/#website","url":"https:\/\/www.rebersrl.it\/fr\/","name":"Reber Srl","description":"Elettrodomestici casalinghi dal 1964","publisher":{"@id":"https:\/\/www.rebersrl.it\/fr\/#organization"},"potentialAction":[{"@type":"SearchAction","target":{"@type":"EntryPoint","urlTemplate":"https:\/\/www.rebersrl.it\/fr\/?s={search_term_string}"},"query-input":{"@type":"PropertyValueSpecification","valueRequired":true,"valueName":"search_term_string"}}],"inLanguage":"fr-FR"},{"@type":"Organization","@id":"https:\/\/www.rebersrl.it\/fr\/#organization","name":"Reber srl","url":"https:\/\/www.rebersrl.it\/fr\/","logo":{"@type":"ImageObject","inLanguage":"fr-FR","@id":"https:\/\/www.rebersrl.it\/fr\/#\/schema\/logo\/image\/","url":"https:\/\/www.rebersrl.it\/wp-content\/uploads\/2025\/10\/logo_reber_2025.png","contentUrl":"https:\/\/www.rebersrl.it\/wp-content\/uploads\/2025\/10\/logo_reber_2025.png","width":600,"height":365,"caption":"Reber srl"},"image":{"@id":"https:\/\/www.rebersrl.it\/fr\/#\/schema\/logo\/image\/"}}]}},"_links":{"self":[{"href":"https:\/\/www.rebersrl.it\/fr\/wp-json\/wp\/v2\/pages\/4087","targetHints":{"allow":["GET"]}}],"collection":[{"href":"https:\/\/www.rebersrl.it\/fr\/wp-json\/wp\/v2\/pages"}],"about":[{"href":"https:\/\/www.rebersrl.it\/fr\/wp-json\/wp\/v2\/types\/page"}],"author":[{"embeddable":true,"href":"https:\/\/www.rebersrl.it\/fr\/wp-json\/wp\/v2\/users\/1"}],"replies":[{"embeddable":true,"href":"https:\/\/www.rebersrl.it\/fr\/wp-json\/wp\/v2\/comments?post=4087"}],"version-history":[{"count":2,"href":"https:\/\/www.rebersrl.it\/fr\/wp-json\/wp\/v2\/pages\/4087\/revisions"}],"predecessor-version":[{"id":6393,"href":"https:\/\/www.rebersrl.it\/fr\/wp-json\/wp\/v2\/pages\/4087\/revisions\/6393"}],"wp:featuredmedia":[{"embeddable":true,"href":"https:\/\/www.rebersrl.it\/fr\/wp-json\/wp\/v2\/media\/3630"}],"wp:attachment":[{"href":"https:\/\/www.rebersrl.it\/fr\/wp-json\/wp\/v2\/media?parent=4087"}],"curies":[{"name":"wp","href":"https:\/\/api.w.org\/{rel}","templated":true}]}}