{"id":13670,"date":"2025-11-18T17:33:55","date_gmt":"2025-11-18T16:33:55","guid":{"rendered":"https:\/\/www.rebersrl.it\/?post_type=product&#038;p=13670"},"modified":"2026-03-26T15:21:06","modified_gmt":"2026-03-26T14:21:06","slug":"apparecchio-per-sottovuoto-family-e-commerce-evf","status":"publish","type":"product","link":"https:\/\/www.rebersrl.it\/en\/prodotto\/apparecchio-per-sottovuoto-family-e-commerce-evf\/","title":{"rendered":"Apparecchio per Sottovuoto FAMILY &#8211; e-commerce &#8211; EVF"},"content":{"rendered":"<p>Vuotometro professionale &#8211; Elettrovalvola per l\u2019apertura immediata del coperchio al termine della<br \/>\nsaldatura &#8211; Sistema a risparmio energetico con controllo elettronico della potenza erogata in saldatura &#8211; Potenza di saldatura regolabile elettronicamente &#8211; Funzionamento automatico con possibilit\u00e0 di passaggio alla modalit\u00e0 manuale &#8211; Funzionamento a ciclo continuo senza necessit\u00e0 di soste per raffreddamento &#8211; Presa d\u2019aria per vuoto nei contenitori<\/p>\n","protected":false},"excerpt":{"rendered":"<p>Vuotometro professionale &#8211; Elettrovalvola per l\u2019apertura immediata del coperchio al termine della saldatura &#8211; Sistema a risparmio energetico con controllo elettronico della potenza erogata in saldatura &#8211; Potenza di saldatura regolabile elettronicamente &#8211; Funzionamento automatico con possibilit\u00e0 di passaggio alla modalit\u00e0 manuale &#8211; Funzionamento a ciclo continuo senza necessit\u00e0 di soste per raffreddamento &#8211; Presa [&hellip;]<\/p>\n","protected":false},"featured_media":2830,"template":"","meta":{"_acf_changed":false},"product_brand":[],"product_cat":[520],"product_tag":[522,523,521],"class_list":{"0":"post-13670","1":"product","2":"type-product","3":"status-publish","4":"has-post-thumbnail","6":"product_cat-sottovuoto","7":"product_tag-conservazione","8":"product_tag-reber","9":"product_tag-sottovuoto","11":"first","12":"instock","13":"taxable","14":"shipping-taxable","15":"purchasable","16":"product-type-simple"},"acf":[],"yoast_head":"<!-- This site is optimized with the Yoast SEO plugin v27.4 - https:\/\/yoast.com\/product\/yoast-seo-wordpress\/ -->\n<title>Apparecchio per Sottovuoto FAMILY - e-commerce - EVF - Reber Srl<\/title>\n<meta name=\"robots\" content=\"index, follow, max-snippet:-1, max-image-preview:large, max-video-preview:-1\" \/>\n<link rel=\"canonical\" href=\"https:\/\/www.rebersrl.it\/en\/prodotto\/apparecchio-per-sottovuoto-family-e-commerce-evf\/\" \/>\n<meta property=\"og:locale\" content=\"en_US\" \/>\n<meta property=\"og:type\" content=\"article\" \/>\n<meta property=\"og:title\" content=\"Apparecchio per Sottovuoto FAMILY - e-commerce - EVF - Reber Srl\" \/>\n<meta property=\"og:description\" content=\"Vuotometro professionale &#8211; Elettrovalvola per l\u2019apertura immediata del coperchio al termine della saldatura &#8211; Sistema a risparmio energetico con controllo elettronico della potenza erogata in saldatura &#8211; Potenza di saldatura regolabile elettronicamente &#8211; Funzionamento automatico con possibilit\u00e0 di passaggio alla modalit\u00e0 manuale &#8211; Funzionamento a ciclo continuo senza necessit\u00e0 di soste per raffreddamento &#8211; Presa [&hellip;]\" \/>\n<meta property=\"og:url\" content=\"https:\/\/www.rebersrl.it\/en\/prodotto\/apparecchio-per-sottovuoto-family-e-commerce-evf\/\" \/>\n<meta property=\"og:site_name\" content=\"Reber Srl\" \/>\n<meta property=\"article:modified_time\" content=\"2026-03-26T14:21:06+00:00\" \/>\n<meta property=\"og:image\" content=\"https:\/\/www.rebersrl.it\/wp-content\/uploads\/2025\/06\/9700-N.jpg\" \/>\n\t<meta property=\"og:image:width\" content=\"2201\" \/>\n\t<meta property=\"og:image:height\" content=\"1203\" \/>\n\t<meta property=\"og:image:type\" content=\"image\/jpeg\" \/>\n<meta name=\"twitter:card\" content=\"summary_large_image\" \/>\n<meta name=\"twitter:label1\" content=\"Est. reading time\" \/>\n\t<meta name=\"twitter:data1\" content=\"1 minute\" \/>\n<script type=\"application\/ld+json\" class=\"yoast-schema-graph\">{\"@context\":\"https:\\\/\\\/schema.org\",\"@graph\":[{\"@type\":\"WebPage\",\"@id\":\"https:\\\/\\\/www.rebersrl.it\\\/en\\\/prodotto\\\/apparecchio-per-sottovuoto-family-e-commerce-evf\\\/\",\"url\":\"https:\\\/\\\/www.rebersrl.it\\\/en\\\/prodotto\\\/apparecchio-per-sottovuoto-family-e-commerce-evf\\\/\",\"name\":\"Apparecchio per Sottovuoto FAMILY - e-commerce - EVF - Reber Srl\",\"isPartOf\":{\"@id\":\"https:\\\/\\\/www.rebersrl.it\\\/en\\\/#website\"},\"primaryImageOfPage\":{\"@id\":\"https:\\\/\\\/www.rebersrl.it\\\/en\\\/prodotto\\\/apparecchio-per-sottovuoto-family-e-commerce-evf\\\/#primaryimage\"},\"image\":{\"@id\":\"https:\\\/\\\/www.rebersrl.it\\\/en\\\/prodotto\\\/apparecchio-per-sottovuoto-family-e-commerce-evf\\\/#primaryimage\"},\"thumbnailUrl\":\"https:\\\/\\\/www.rebersrl.it\\\/wp-content\\\/uploads\\\/2025\\\/06\\\/9700-N.jpg\",\"datePublished\":\"2025-11-18T16:33:55+00:00\",\"dateModified\":\"2026-03-26T14:21:06+00:00\",\"breadcrumb\":{\"@id\":\"https:\\\/\\\/www.rebersrl.it\\\/en\\\/prodotto\\\/apparecchio-per-sottovuoto-family-e-commerce-evf\\\/#breadcrumb\"},\"inLanguage\":\"en-US\",\"potentialAction\":[{\"@type\":\"ReadAction\",\"target\":[\"https:\\\/\\\/www.rebersrl.it\\\/en\\\/prodotto\\\/apparecchio-per-sottovuoto-family-e-commerce-evf\\\/\"]}]},{\"@type\":\"ImageObject\",\"inLanguage\":\"en-US\",\"@id\":\"https:\\\/\\\/www.rebersrl.it\\\/en\\\/prodotto\\\/apparecchio-per-sottovuoto-family-e-commerce-evf\\\/#primaryimage\",\"url\":\"https:\\\/\\\/www.rebersrl.it\\\/wp-content\\\/uploads\\\/2025\\\/06\\\/9700-N.jpg\",\"contentUrl\":\"https:\\\/\\\/www.rebersrl.it\\\/wp-content\\\/uploads\\\/2025\\\/06\\\/9700-N.jpg\",\"width\":2201,\"height\":1203},{\"@type\":\"BreadcrumbList\",\"@id\":\"https:\\\/\\\/www.rebersrl.it\\\/en\\\/prodotto\\\/apparecchio-per-sottovuoto-family-e-commerce-evf\\\/#breadcrumb\",\"itemListElement\":[{\"@type\":\"ListItem\",\"position\":1,\"name\":\"Home\",\"item\":\"https:\\\/\\\/www.rebersrl.it\\\/en\\\/\"},{\"@type\":\"ListItem\",\"position\":2,\"name\":\"Shop\",\"item\":\"https:\\\/\\\/www.rebersrl.it\\\/en\\\/negozio\\\/\"},{\"@type\":\"ListItem\",\"position\":3,\"name\":\"Apparecchio per Sottovuoto FAMILY &#8211; e-commerce &#8211; EVF\"}]},{\"@type\":\"WebSite\",\"@id\":\"https:\\\/\\\/www.rebersrl.it\\\/en\\\/#website\",\"url\":\"https:\\\/\\\/www.rebersrl.it\\\/en\\\/\",\"name\":\"Reber Srl\",\"description\":\"Elettrodomestici casalinghi dal 1964\",\"publisher\":{\"@id\":\"https:\\\/\\\/www.rebersrl.it\\\/en\\\/#organization\"},\"potentialAction\":[{\"@type\":\"SearchAction\",\"target\":{\"@type\":\"EntryPoint\",\"urlTemplate\":\"https:\\\/\\\/www.rebersrl.it\\\/en\\\/?s={search_term_string}\"},\"query-input\":{\"@type\":\"PropertyValueSpecification\",\"valueRequired\":true,\"valueName\":\"search_term_string\"}}],\"inLanguage\":\"en-US\"},{\"@type\":\"Organization\",\"@id\":\"https:\\\/\\\/www.rebersrl.it\\\/en\\\/#organization\",\"name\":\"Reber srl\",\"url\":\"https:\\\/\\\/www.rebersrl.it\\\/en\\\/\",\"logo\":{\"@type\":\"ImageObject\",\"inLanguage\":\"en-US\",\"@id\":\"https:\\\/\\\/www.rebersrl.it\\\/en\\\/#\\\/schema\\\/logo\\\/image\\\/\",\"url\":\"https:\\\/\\\/www.rebersrl.it\\\/wp-content\\\/uploads\\\/2025\\\/10\\\/logo_reber_2025.png\",\"contentUrl\":\"https:\\\/\\\/www.rebersrl.it\\\/wp-content\\\/uploads\\\/2025\\\/10\\\/logo_reber_2025.png\",\"width\":600,\"height\":365,\"caption\":\"Reber srl\"},\"image\":{\"@id\":\"https:\\\/\\\/www.rebersrl.it\\\/en\\\/#\\\/schema\\\/logo\\\/image\\\/\"}}]}<\/script>\n<!-- \/ Yoast SEO plugin. -->","yoast_head_json":{"title":"Apparecchio per Sottovuoto FAMILY - e-commerce - EVF - Reber Srl","robots":{"index":"index","follow":"follow","max-snippet":"max-snippet:-1","max-image-preview":"max-image-preview:large","max-video-preview":"max-video-preview:-1"},"canonical":"https:\/\/www.rebersrl.it\/en\/prodotto\/apparecchio-per-sottovuoto-family-e-commerce-evf\/","og_locale":"en_US","og_type":"article","og_title":"Apparecchio per Sottovuoto FAMILY - e-commerce - EVF - Reber Srl","og_description":"Vuotometro professionale &#8211; Elettrovalvola per l\u2019apertura immediata del coperchio al termine della saldatura &#8211; Sistema a risparmio energetico con controllo elettronico della potenza erogata in saldatura &#8211; Potenza di saldatura regolabile elettronicamente &#8211; Funzionamento automatico con possibilit\u00e0 di passaggio alla modalit\u00e0 manuale &#8211; Funzionamento a ciclo continuo senza necessit\u00e0 di soste per raffreddamento &#8211; Presa [&hellip;]","og_url":"https:\/\/www.rebersrl.it\/en\/prodotto\/apparecchio-per-sottovuoto-family-e-commerce-evf\/","og_site_name":"Reber Srl","article_modified_time":"2026-03-26T14:21:06+00:00","og_image":[{"width":2201,"height":1203,"type":"image\/jpeg","url":"https:\/\/www.rebersrl.it\/wp-content\/uploads\/2025\/06\/9700-N.jpg"}],"twitter_card":"summary_large_image","twitter_misc":{"Est. reading time":"1 minute"},"schema":{"@context":"https:\/\/schema.org","@graph":[{"@type":"WebPage","@id":"https:\/\/www.rebersrl.it\/en\/prodotto\/apparecchio-per-sottovuoto-family-e-commerce-evf\/","url":"https:\/\/www.rebersrl.it\/en\/prodotto\/apparecchio-per-sottovuoto-family-e-commerce-evf\/","name":"Apparecchio per Sottovuoto FAMILY - e-commerce - EVF - Reber Srl","isPartOf":{"@id":"https:\/\/www.rebersrl.it\/en\/#website"},"primaryImageOfPage":{"@id":"https:\/\/www.rebersrl.it\/en\/prodotto\/apparecchio-per-sottovuoto-family-e-commerce-evf\/#primaryimage"},"image":{"@id":"https:\/\/www.rebersrl.it\/en\/prodotto\/apparecchio-per-sottovuoto-family-e-commerce-evf\/#primaryimage"},"thumbnailUrl":"https:\/\/www.rebersrl.it\/wp-content\/uploads\/2025\/06\/9700-N.jpg","datePublished":"2025-11-18T16:33:55+00:00","dateModified":"2026-03-26T14:21:06+00:00","breadcrumb":{"@id":"https:\/\/www.rebersrl.it\/en\/prodotto\/apparecchio-per-sottovuoto-family-e-commerce-evf\/#breadcrumb"},"inLanguage":"en-US","potentialAction":[{"@type":"ReadAction","target":["https:\/\/www.rebersrl.it\/en\/prodotto\/apparecchio-per-sottovuoto-family-e-commerce-evf\/"]}]},{"@type":"ImageObject","inLanguage":"en-US","@id":"https:\/\/www.rebersrl.it\/en\/prodotto\/apparecchio-per-sottovuoto-family-e-commerce-evf\/#primaryimage","url":"https:\/\/www.rebersrl.it\/wp-content\/uploads\/2025\/06\/9700-N.jpg","contentUrl":"https:\/\/www.rebersrl.it\/wp-content\/uploads\/2025\/06\/9700-N.jpg","width":2201,"height":1203},{"@type":"BreadcrumbList","@id":"https:\/\/www.rebersrl.it\/en\/prodotto\/apparecchio-per-sottovuoto-family-e-commerce-evf\/#breadcrumb","itemListElement":[{"@type":"ListItem","position":1,"name":"Home","item":"https:\/\/www.rebersrl.it\/en\/"},{"@type":"ListItem","position":2,"name":"Shop","item":"https:\/\/www.rebersrl.it\/en\/negozio\/"},{"@type":"ListItem","position":3,"name":"Apparecchio per Sottovuoto FAMILY &#8211; e-commerce &#8211; EVF"}]},{"@type":"WebSite","@id":"https:\/\/www.rebersrl.it\/en\/#website","url":"https:\/\/www.rebersrl.it\/en\/","name":"Reber Srl","description":"Elettrodomestici casalinghi dal 1964","publisher":{"@id":"https:\/\/www.rebersrl.it\/en\/#organization"},"potentialAction":[{"@type":"SearchAction","target":{"@type":"EntryPoint","urlTemplate":"https:\/\/www.rebersrl.it\/en\/?s={search_term_string}"},"query-input":{"@type":"PropertyValueSpecification","valueRequired":true,"valueName":"search_term_string"}}],"inLanguage":"en-US"},{"@type":"Organization","@id":"https:\/\/www.rebersrl.it\/en\/#organization","name":"Reber srl","url":"https:\/\/www.rebersrl.it\/en\/","logo":{"@type":"ImageObject","inLanguage":"en-US","@id":"https:\/\/www.rebersrl.it\/en\/#\/schema\/logo\/image\/","url":"https:\/\/www.rebersrl.it\/wp-content\/uploads\/2025\/10\/logo_reber_2025.png","contentUrl":"https:\/\/www.rebersrl.it\/wp-content\/uploads\/2025\/10\/logo_reber_2025.png","width":600,"height":365,"caption":"Reber srl"},"image":{"@id":"https:\/\/www.rebersrl.it\/en\/#\/schema\/logo\/image\/"}}]}},"_links":{"self":[{"href":"https:\/\/www.rebersrl.it\/en\/wp-json\/wp\/v2\/product\/13670","targetHints":{"allow":["GET"]}}],"collection":[{"href":"https:\/\/www.rebersrl.it\/en\/wp-json\/wp\/v2\/product"}],"about":[{"href":"https:\/\/www.rebersrl.it\/en\/wp-json\/wp\/v2\/types\/product"}],"wp:featuredmedia":[{"embeddable":true,"href":"https:\/\/www.rebersrl.it\/en\/wp-json\/wp\/v2\/media\/2830"}],"wp:attachment":[{"href":"https:\/\/www.rebersrl.it\/en\/wp-json\/wp\/v2\/media?parent=13670"}],"wp:term":[{"taxonomy":"product_brand","embeddable":true,"href":"https:\/\/www.rebersrl.it\/en\/wp-json\/wp\/v2\/product_brand?post=13670"},{"taxonomy":"product_cat","embeddable":true,"href":"https:\/\/www.rebersrl.it\/en\/wp-json\/wp\/v2\/product_cat?post=13670"},{"taxonomy":"product_tag","embeddable":true,"href":"https:\/\/www.rebersrl.it\/en\/wp-json\/wp\/v2\/product_tag?post=13670"}],"curies":[{"name":"wp","href":"https:\/\/api.w.org\/{rel}","templated":true}]}}