{"id":4109,"date":"2025-02-04T12:52:17","date_gmt":"2025-02-04T11:52:17","guid":{"rendered":"https:\/\/www.rebersrl.it\/?page_id=4109"},"modified":"2025-07-31T17:49:43","modified_gmt":"2025-07-31T15:49:43","slug":"privacy-policy","status":"publish","type":"page","link":"https:\/\/www.rebersrl.it\/de\/privacy-policy\/","title":{"rendered":"Datenschutzerkl\u00e4rung"},"content":{"rendered":"\r\n<p>Diese <strong>Datenschutzerkl\u00e4rung<\/strong> soll die Nutzer (\u201e<strong>Nutzer<\/strong>\u201c) dieser Website (\u201e<strong>Website<\/strong>\u201c) \u00fcber die Erhebung und Verarbeitung ihrer personenbezogenen Daten (\u201e<strong>personenbezogene Daten<\/strong>\u201c) informieren, insbesondere \u00fcber die Arten der verarbeiteten personenbezogenen Daten, den Verantwortlichen, die Zwecke der Verarbeitung und die wichtigsten Garantien zum Schutz der Rechte der Nutzer.<br \/><br \/>Diese Datenschutzerkl\u00e4rung wurde in \u00dcbereinstimmung mit der EU-Verordnung \u201eDSGVO\u201c (Nr. 2016\/679), dem italienischen Datenschutzgesetz (GvD Nr. 196\/2003, soweit anwendbar) und allen anderen geltenden gesetzlichen Bestimmungen erstellt.<br \/><br \/>Die Nutzer m\u00fcssen diese <strong>Datenschutzerkl\u00e4rung<\/strong> sorgf\u00e4ltig lesen; wenn sie mit deren Inhalt nicht einverstanden sind, sollten sie die Nutzung der Website sofort einstellen.<br \/><br \/>Wie unten n\u00e4her ausgef\u00fchrt, sind die Verarbeitung, \u00dcbermittlung und Weitergabe personenbezogener Daten aufgrund gesetzlicher Bestimmungen und in weiteren von den geltenden Vorschriften erlaubten F\u00e4llen zul\u00e4ssig.<\/p>\r\n<h2 class=\"wp-block-heading\">Personenbezogene Daten<\/h2>\r\n<p>Die Nutzung der Website beinhaltet die Erhebung und Verarbeitung bestimmter Arten personenbezogener Daten von Nutzern und\/oder anderen betroffenen Personen.<br \/><br \/>Insbesondere erhebt und verarbeitet die Website Informationen \u00fcber das vom Nutzer verwendete Ger\u00e4t: z.\u202fB. die IP-Adresse f\u00fcr die Verbindung, weitere Informationen zum Browser, Betriebssystem und Ger\u00e4tetyp, die besuchten Seiten und die auf der Website durchgef\u00fchrten Suchvorg\u00e4nge sowie weitere Daten.<br \/>Diese Daten sind unbedingt erforderlich, um das Browsen zu erm\u00f6glichen oder zu verbessern.<br \/><br \/>Dar\u00fcber hinaus verlangt die Website ausdr\u00fccklich die Angabe personenbezogener Daten, wenn sich der Nutzer registriert und\/oder eine Bestellung auf der Website aufgibt. Diese Daten sind notwendig oder n\u00fctzlich, um Dienstleistungen f\u00fcr den Nutzer bereitzustellen.<br \/><br \/>In anderen F\u00e4llen bittet die Website Nutzer um die Angabe personenbezogener Daten, um Mitteilungen jeglicher Art zu senden, z.\u202fB. f\u00fcr den Newsletter, die Teilnahme an Gewinnspielen oder den Versand von kommerziellen Angeboten, entweder durch die Website selbst oder durch Dritte.<br \/><br \/>Es wird jeweils angegeben, ob die Bereitstellung personenbezogener Daten obligatorisch oder fakultativ ist.<br \/>Die Website kann auch \u2014 direkt oder indirekt \u2014 Pr\u00fcfungen der verwendeten Zahlungsmittel durchf\u00fchren, um Zahlungsausf\u00e4lle, betr\u00fcgerische Aktivit\u00e4ten oder in \u00dcbereinstimmung mit den geltenden Geldw\u00e4schevorschriften zu verhindern.<br \/><br \/>Die Verweigerung der Zustimmung des Nutzers zur Verarbeitung personenbezogener Daten zu Zwecken, die nichts mit dem Betrieb der Website und\/oder der Ausf\u00fchrung von Bestellungen zu tun haben, hat keine wesentlichen Folgen.<br \/><br \/>Die personenbezogenen Daten werden in einer angemessenen Weise und nur so lange gespeichert und verarbeitet, wie es im Hinblick auf die Zwecke, f\u00fcr die sie erhoben und verarbeitet wurden, erforderlich ist.<\/p>\r\n<h2>Verantwortlicher<\/h2>\r\n<p>Verantwortlicher f\u00fcr die Verarbeitung der personenbezogenen Daten (\u201e<strong>Verantwortlicher<\/strong>\u201c) ist:<br \/><br \/>Reber S.r.l.<br \/>Via Valbrina, 11<br \/>42045 Luzzara (Reggio Emilia), Italien<br \/>USt-IdNr.: 00131370355 \u2013 REA: 90732<br \/><br \/>E-Mail-Adresse f\u00fcr alle Mitteilungen bez\u00fcglich dieser Datenschutzerkl\u00e4rung: <a href=\"mailto:info@rebersrl.it\">info@rebersrl.it<\/a>.<br \/><br \/>Die Verarbeitung personenbezogener Daten erfolgt innerhalb der Unternehmensstruktur des Verantwortlichen und\/oder innerhalb der Unternehmensgruppe, zu der er geh\u00f6rt. Dementsprechend werden die f\u00fcr die in dieser Datenschutzerkl\u00e4rung genannten Zwecke erhobenen personenbezogenen Daten von autorisierten Mitarbeitern unter der direkten Autorit\u00e4t des Verantwortlichen oder innerhalb der Unternehmensgruppe verarbeitet.<\/p>\r\n<h2>Weitergabe personenbezogener Daten<\/h2>\r\n<p>Der Verantwortliche gibt einen Teil der personenbezogenen Daten an Dritte weiter, die an der Ausf\u00fchrung von Bestellungen beteiligt sind, sowohl w\u00e4hrend des Verkaufs als auch danach.<br \/><br \/>Es ist auch m\u00f6glich, dass Informationen an verbundene oder vom Verantwortlichen kontrollierte Unternehmen oder an Dritte im Rahmen au\u00dfergew\u00f6hnlicher Gesch\u00e4ftsvorg\u00e4nge weitergegeben werden, vorbehaltlich der geltenden gesetzlichen Bestimmungen.<br \/><br \/>Die Weitergabe oder Verbreitung personenbezogener Daten erfolgt zudem, wenn sie gesetzlich vorgeschrieben ist, z.\u202fB. durch Polizeibeh\u00f6rden, Justizbeh\u00f6rden, Nachrichtendienste oder andere \u00f6ffentliche Stellen zu Zwecken der Verteidigung, der Staatssicherheit oder der Verh\u00fctung, Aufdeckung oder Verfolgung von Verwaltungs- oder Straftaten.<br \/><br \/>In allen anderen F\u00e4llen ist die Weitergabe oder Verbreitung personenbezogener Daten von der vorherigen ausdr\u00fccklichen und eindeutigen Zustimmung der betroffenen Person abh\u00e4ngig.<\/p>\r\n<h2>Rechte der Betroffenen<\/h2>\r\n<p>Jeder Nutzer (oder eine andere betroffene Person) hat das Recht, eine Best\u00e4tigung dar\u00fcber zu erhalten, ob ihn betreffende personenbezogene Daten vorhanden sind, auch wenn diese noch nicht gespeichert sind.<br \/>Der Nutzer (oder die betroffene Person) hat das Recht:<\/p>\r\n<p>&#8211; die Aktualisierung, Berichtigung oder, sofern interessiert, Erg\u00e4nzung personenbezogener Daten zu erhalten;<\/p>\r\n<p>&#8211; die L\u00f6schung, Anonymisierung oder Sperrung unrechtm\u00e4\u00dfig verarbeiteter personenbezogener Daten, einschlie\u00dflich solcher, die im Hinblick auf die Zwecke, f\u00fcr die sie erhoben und verarbeitet wurden, nicht erforderlich sind;<\/p>\r\n<p>&#8211; die Best\u00e4tigung, dass die oben genannten Vorg\u00e4nge denjenigen mitgeteilt wurden, an die die Daten weitergegeben oder verbreitet wurden, es sei denn, dies erweist sich als unm\u00f6glich oder ist mit einem offensichtlich unverh\u00e4ltnism\u00e4\u00dfigen Aufwand verbunden;<\/p>\r\n<p>&#8211; die Aussetzung der Verarbeitung personenbezogener Daten in den gesetzlich vorgesehenen F\u00e4llen zu verlangen;<\/p>\r\n<p>&#8211; die \u00dcbertragbarkeit der personenbezogenen Daten, d.\u202fh. das Recht, die den Verantwortlichen bereitgestellten personenbezogenen Daten in einem strukturierten, g\u00e4ngigen und maschinenlesbaren Format zu erhalten und diese Daten einem anderen Verantwortlichen ohne Behinderung zu \u00fcbermitteln, soweit dies gesetzlich zul\u00e4ssig ist.<\/p>\r\n<p>Der Nutzer (oder die betroffene Person) hat das Recht, ganz oder teilweise der Verarbeitung personenbezogener Daten aus berechtigten Gr\u00fcnden zu widersprechen, unabh\u00e4ngig davon, ob diese im Zusammenhang mit dem Erhebungszweck oder f\u00fcr Werbung oder Marketing verwendet werden.<br \/><br \/>Der Nutzer hat auch das Recht, Beschwerden \u00fcber die Erhebung und Verarbeitung personenbezogener Daten bei der Datenschutzbeh\u00f6rde oder einer anderen zust\u00e4ndigen Aufsichtsbeh\u00f6rde einzureichen.<br \/><br \/>F\u00fcr alle Mitteilungen im Zusammenhang mit der Erhebung oder Verarbeitung personenbezogener Daten und zur Aus\u00fcbung seiner Rechte kann der Nutzer den Datenschutzbeauftragten unter folgender Adresse kontaktieren: <a href=\"mailto:info@rebersrl.it\">info@rebersrl.it<\/a>.<br \/><br \/>Diese Datenschutzerkl\u00e4rung wird regelm\u00e4\u00dfig aktualisiert. Es wird den Nutzern empfohlen, sie regelm\u00e4\u00dfig zu \u00fcberpr\u00fcfen, um etwaige \u00c4nderungen festzustellen.<\/p>","protected":false},"excerpt":{"rendered":"<p>Diese Datenschutzerkl\u00e4rung soll die Nutzer (\u201eNutzer\u201c) dieser Website (\u201eWebsite\u201c) \u00fcber die Erhebung und Verarbeitung ihrer personenbezogenen Daten (\u201epersonenbezogene Daten\u201c) informieren, insbesondere \u00fcber die Arten der verarbeiteten personenbezogenen Daten, den Verantwortlichen, die Zwecke der Verarbeitung und die wichtigsten Garantien zum Schutz der Rechte der Nutzer. Diese Datenschutzerkl\u00e4rung wurde in \u00dcbereinstimmung mit der EU-Verordnung \u201eDSGVO\u201c (Nr. 2016\/679), [&hellip;]<\/p>\n","protected":false},"author":1,"featured_media":0,"parent":0,"menu_order":0,"comment_status":"closed","ping_status":"closed","template":"","meta":{"_acf_changed":false,"footnotes":""},"class_list":["post-4109","page","type-page","status-publish","hentry"],"acf":[],"yoast_head":"<!-- This site is optimized with the Yoast SEO plugin v27.4 - https:\/\/yoast.com\/product\/yoast-seo-wordpress\/ -->\n<title>Datenschutzerkl\u00e4rung - Reber Srl<\/title>\n<meta name=\"robots\" content=\"index, follow, max-snippet:-1, max-image-preview:large, max-video-preview:-1\" \/>\n<link rel=\"canonical\" href=\"https:\/\/www.rebersrl.it\/de\/privacy-policy\/\" \/>\n<meta property=\"og:locale\" content=\"de_DE\" \/>\n<meta property=\"og:type\" content=\"article\" \/>\n<meta property=\"og:title\" content=\"Datenschutzerkl\u00e4rung - Reber Srl\" \/>\n<meta property=\"og:description\" content=\"Diese Datenschutzerkl\u00e4rung soll die Nutzer (\u201eNutzer\u201c) dieser Website (\u201eWebsite\u201c) \u00fcber die Erhebung und Verarbeitung ihrer personenbezogenen Daten (\u201epersonenbezogene Daten\u201c) informieren, insbesondere \u00fcber die Arten der verarbeiteten personenbezogenen Daten, den Verantwortlichen, die Zwecke der Verarbeitung und die wichtigsten Garantien zum Schutz der Rechte der Nutzer. Diese Datenschutzerkl\u00e4rung wurde in \u00dcbereinstimmung mit der EU-Verordnung \u201eDSGVO\u201c (Nr. 2016\/679), [&hellip;]\" \/>\n<meta property=\"og:url\" content=\"https:\/\/www.rebersrl.it\/de\/privacy-policy\/\" \/>\n<meta property=\"og:site_name\" content=\"Reber Srl\" \/>\n<meta property=\"article:modified_time\" content=\"2025-07-31T15:49:43+00:00\" \/>\n<meta property=\"og:image\" content=\"https:\/\/www.rebersrl.it\/wp-content\/uploads\/2025\/07\/Immagine-PNG-2.png\" \/>\n\t<meta property=\"og:image:width\" content=\"1536\" \/>\n\t<meta property=\"og:image:height\" content=\"1024\" \/>\n\t<meta property=\"og:image:type\" content=\"image\/png\" \/>\n<meta name=\"twitter:card\" content=\"summary_large_image\" \/>\n<meta name=\"twitter:label1\" content=\"Gesch\u00e4tzte Lesezeit\" \/>\n\t<meta name=\"twitter:data1\" content=\"5\u00a0Minuten\" \/>\n<script type=\"application\/ld+json\" class=\"yoast-schema-graph\">{\"@context\":\"https:\\\/\\\/schema.org\",\"@graph\":[{\"@type\":\"WebPage\",\"@id\":\"https:\\\/\\\/www.rebersrl.it\\\/de\\\/privacy-policy\\\/\",\"url\":\"https:\\\/\\\/www.rebersrl.it\\\/de\\\/privacy-policy\\\/\",\"name\":\"Datenschutzerkl\u00e4rung - Reber Srl\",\"isPartOf\":{\"@id\":\"https:\\\/\\\/www.rebersrl.it\\\/de\\\/#website\"},\"datePublished\":\"2025-02-04T11:52:17+00:00\",\"dateModified\":\"2025-07-31T15:49:43+00:00\",\"breadcrumb\":{\"@id\":\"https:\\\/\\\/www.rebersrl.it\\\/de\\\/privacy-policy\\\/#breadcrumb\"},\"inLanguage\":\"de\",\"potentialAction\":[{\"@type\":\"ReadAction\",\"target\":[\"https:\\\/\\\/www.rebersrl.it\\\/de\\\/privacy-policy\\\/\"]}]},{\"@type\":\"BreadcrumbList\",\"@id\":\"https:\\\/\\\/www.rebersrl.it\\\/de\\\/privacy-policy\\\/#breadcrumb\",\"itemListElement\":[{\"@type\":\"ListItem\",\"position\":1,\"name\":\"Home\",\"item\":\"https:\\\/\\\/www.rebersrl.it\\\/de\\\/\"},{\"@type\":\"ListItem\",\"position\":2,\"name\":\"Datenschutzerkl\u00e4rung\"}]},{\"@type\":\"WebSite\",\"@id\":\"https:\\\/\\\/www.rebersrl.it\\\/de\\\/#website\",\"url\":\"https:\\\/\\\/www.rebersrl.it\\\/de\\\/\",\"name\":\"Reber Srl\",\"description\":\"Elettrodomestici casalinghi dal 1964\",\"publisher\":{\"@id\":\"https:\\\/\\\/www.rebersrl.it\\\/de\\\/#organization\"},\"potentialAction\":[{\"@type\":\"SearchAction\",\"target\":{\"@type\":\"EntryPoint\",\"urlTemplate\":\"https:\\\/\\\/www.rebersrl.it\\\/de\\\/?s={search_term_string}\"},\"query-input\":{\"@type\":\"PropertyValueSpecification\",\"valueRequired\":true,\"valueName\":\"search_term_string\"}}],\"inLanguage\":\"de\"},{\"@type\":\"Organization\",\"@id\":\"https:\\\/\\\/www.rebersrl.it\\\/de\\\/#organization\",\"name\":\"Reber srl\",\"url\":\"https:\\\/\\\/www.rebersrl.it\\\/de\\\/\",\"logo\":{\"@type\":\"ImageObject\",\"inLanguage\":\"de\",\"@id\":\"https:\\\/\\\/www.rebersrl.it\\\/de\\\/#\\\/schema\\\/logo\\\/image\\\/\",\"url\":\"https:\\\/\\\/www.rebersrl.it\\\/wp-content\\\/uploads\\\/2025\\\/10\\\/logo_reber_2025.png\",\"contentUrl\":\"https:\\\/\\\/www.rebersrl.it\\\/wp-content\\\/uploads\\\/2025\\\/10\\\/logo_reber_2025.png\",\"width\":600,\"height\":365,\"caption\":\"Reber srl\"},\"image\":{\"@id\":\"https:\\\/\\\/www.rebersrl.it\\\/de\\\/#\\\/schema\\\/logo\\\/image\\\/\"}}]}<\/script>\n<!-- \/ Yoast SEO plugin. -->","yoast_head_json":{"title":"Datenschutzerkl\u00e4rung - Reber Srl","robots":{"index":"index","follow":"follow","max-snippet":"max-snippet:-1","max-image-preview":"max-image-preview:large","max-video-preview":"max-video-preview:-1"},"canonical":"https:\/\/www.rebersrl.it\/de\/privacy-policy\/","og_locale":"de_DE","og_type":"article","og_title":"Datenschutzerkl\u00e4rung - Reber Srl","og_description":"Diese Datenschutzerkl\u00e4rung soll die Nutzer (\u201eNutzer\u201c) dieser Website (\u201eWebsite\u201c) \u00fcber die Erhebung und Verarbeitung ihrer personenbezogenen Daten (\u201epersonenbezogene Daten\u201c) informieren, insbesondere \u00fcber die Arten der verarbeiteten personenbezogenen Daten, den Verantwortlichen, die Zwecke der Verarbeitung und die wichtigsten Garantien zum Schutz der Rechte der Nutzer. Diese Datenschutzerkl\u00e4rung wurde in \u00dcbereinstimmung mit der EU-Verordnung \u201eDSGVO\u201c (Nr. 2016\/679), [&hellip;]","og_url":"https:\/\/www.rebersrl.it\/de\/privacy-policy\/","og_site_name":"Reber Srl","article_modified_time":"2025-07-31T15:49:43+00:00","og_image":[{"width":1536,"height":1024,"type":"image\/png","url":"https:\/\/www.rebersrl.it\/wp-content\/uploads\/2025\/07\/Immagine-PNG-2.png"}],"twitter_card":"summary_large_image","twitter_misc":{"Gesch\u00e4tzte Lesezeit":"5\u00a0Minuten"},"schema":{"@context":"https:\/\/schema.org","@graph":[{"@type":"WebPage","@id":"https:\/\/www.rebersrl.it\/de\/privacy-policy\/","url":"https:\/\/www.rebersrl.it\/de\/privacy-policy\/","name":"Datenschutzerkl\u00e4rung - Reber Srl","isPartOf":{"@id":"https:\/\/www.rebersrl.it\/de\/#website"},"datePublished":"2025-02-04T11:52:17+00:00","dateModified":"2025-07-31T15:49:43+00:00","breadcrumb":{"@id":"https:\/\/www.rebersrl.it\/de\/privacy-policy\/#breadcrumb"},"inLanguage":"de","potentialAction":[{"@type":"ReadAction","target":["https:\/\/www.rebersrl.it\/de\/privacy-policy\/"]}]},{"@type":"BreadcrumbList","@id":"https:\/\/www.rebersrl.it\/de\/privacy-policy\/#breadcrumb","itemListElement":[{"@type":"ListItem","position":1,"name":"Home","item":"https:\/\/www.rebersrl.it\/de\/"},{"@type":"ListItem","position":2,"name":"Datenschutzerkl\u00e4rung"}]},{"@type":"WebSite","@id":"https:\/\/www.rebersrl.it\/de\/#website","url":"https:\/\/www.rebersrl.it\/de\/","name":"Reber Srl","description":"Elettrodomestici casalinghi dal 1964","publisher":{"@id":"https:\/\/www.rebersrl.it\/de\/#organization"},"potentialAction":[{"@type":"SearchAction","target":{"@type":"EntryPoint","urlTemplate":"https:\/\/www.rebersrl.it\/de\/?s={search_term_string}"},"query-input":{"@type":"PropertyValueSpecification","valueRequired":true,"valueName":"search_term_string"}}],"inLanguage":"de"},{"@type":"Organization","@id":"https:\/\/www.rebersrl.it\/de\/#organization","name":"Reber srl","url":"https:\/\/www.rebersrl.it\/de\/","logo":{"@type":"ImageObject","inLanguage":"de","@id":"https:\/\/www.rebersrl.it\/de\/#\/schema\/logo\/image\/","url":"https:\/\/www.rebersrl.it\/wp-content\/uploads\/2025\/10\/logo_reber_2025.png","contentUrl":"https:\/\/www.rebersrl.it\/wp-content\/uploads\/2025\/10\/logo_reber_2025.png","width":600,"height":365,"caption":"Reber srl"},"image":{"@id":"https:\/\/www.rebersrl.it\/de\/#\/schema\/logo\/image\/"}}]}},"_links":{"self":[{"href":"https:\/\/www.rebersrl.it\/de\/wp-json\/wp\/v2\/pages\/4109","targetHints":{"allow":["GET"]}}],"collection":[{"href":"https:\/\/www.rebersrl.it\/de\/wp-json\/wp\/v2\/pages"}],"about":[{"href":"https:\/\/www.rebersrl.it\/de\/wp-json\/wp\/v2\/types\/page"}],"author":[{"embeddable":true,"href":"https:\/\/www.rebersrl.it\/de\/wp-json\/wp\/v2\/users\/1"}],"replies":[{"embeddable":true,"href":"https:\/\/www.rebersrl.it\/de\/wp-json\/wp\/v2\/comments?post=4109"}],"version-history":[{"count":5,"href":"https:\/\/www.rebersrl.it\/de\/wp-json\/wp\/v2\/pages\/4109\/revisions"}],"predecessor-version":[{"id":8667,"href":"https:\/\/www.rebersrl.it\/de\/wp-json\/wp\/v2\/pages\/4109\/revisions\/8667"}],"wp:attachment":[{"href":"https:\/\/www.rebersrl.it\/de\/wp-json\/wp\/v2\/media?parent=4109"}],"curies":[{"name":"wp","href":"https:\/\/api.w.org\/{rel}","templated":true}]}}